{"id":4458,"date":"2018-03-19T10:46:29","date_gmt":"2018-03-19T09:46:29","guid":{"rendered":"http:\/\/www.natixispartners.com\/v2\/mentions-legales\/"},"modified":"2021-09-30T17:25:44","modified_gmt":"2021-09-30T15:25:44","slug":"legal-notice","status":"publish","type":"page","link":"https:\/\/www.natixispartners.com\/en\/legal-notice\/","title":{"rendered":"Legal Notice"},"content":{"rendered":"<div class=\"fusion-fullwidth fullwidth-box fusion-builder-row-1 nonhundred-percent-fullwidth non-hundred-percent-height-scrolling\"  style='background-color: rgba(255,255,255,0);background-position: center center;background-repeat: no-repeat;padding-top:0px;padding-right:0px;padding-bottom:0px;padding-left:0px;'><div class=\"fusion-builder-row fusion-row \"><div  class=\"fusion-layout-column fusion_builder_column fusion_builder_column_1_1 fusion-builder-column-0 fusion-one-full fusion-column-first fusion-column-last smallLayout 1_1\"  style='margin-top:0px;margin-bottom:20px;'><div class=\"fusion-column-wrapper\" style=\"padding: 0px 0px 0px 0px;background-position:left top;background-repeat:no-repeat;-webkit-background-size:cover;-moz-background-size:cover;-o-background-size:cover;background-size:cover;\"   data-bg-url=\"\"><div class=\"fusion-text\"><h3>Corporate name:<\/h3>\n<ul>\n<li>NATIXIS PARTNERS \u2013 \u201cSoci\u00e9t\u00e9 par actions simplifi\u00e9e\u201d established under French law, with a capital of EUR 3 213 217.75, registered under no. : Paris B 430 443 283<\/li>\n<li>Registered office: 38, rue de Lisbonne &#8211; 75008 Paris &#8211; T\u00e9l. 01.73.44.44.00<\/li>\n<li>Registration at the Trade and Companies Registry of Paris under n\u00b0 SIREN : 430 443 283<\/li>\n<li>Intra-Community Code &#8211; VAT Registration number: FR 95 430 443 283<\/li>\n<li>Chief editor: Isabelle TOULOUSE<\/li>\n<li>Company ownership: NATIXIS PARTNERS, d\u00e9tenue majoritairement par NATIXIS, elle-m\u00eame d\u00e9tenue majoritairement par BPCE.<\/li>\n<li>Host: O2Switch &#8211; 222-224, BOULEVARD GUSTAVE FLAUBERT &#8211; 63000 CLERMONT-FERRAND<\/li>\n<li>Reserved domain name: <a href=\"http:\/\/www.natixispartners.com\">www.natixispartners.com<\/a> est un domaine d\u00e9pos\u00e9 par NATIXIS (SIREN : 542044524 \/ APE: 652C)<\/li>\n<\/ul>\n<h3>General conditions of use<\/h3>\n<h4>1. Introduction<\/h4>\n<p>The purpose of this site is to provide information about NATIXIS PARTNERS. Visits to the site are governed by the applicable regulations and these conditions of use.<\/p>\n<h4>2. Disclaimer concerning the products and services presented on the site<\/h4>\n<p>No information published on this site constitutes or should be construed as constituting an offer by NATIXIS PARTNERS to sell any banking, insurance or other services, or an offer or the solicitation of an offer to purchase or sell securities or any other investment products. The site content \u2013 consisting of presentations of the products, services, research and analyses developed and produced by NATIXIS PARTNERS \u2013 is provided for information only. Users are advised to check the information and to use it only for appropriate purposes. NATIXIS PARTNERS has no responsibility for any use made of the information presented on the site. Any person wishing to purchase one of the products or services presented on this site should contact the department concerned to check the availability of the product or service in question, the applicable price and other contractual terms.<\/p>\n<p>The sale of the products and services presented on this site may be subject to restrictions applicable to certain potential buyers or in certain countries. None of the products or services presented on this site will be supplied by NATIXIS PARTNERS to any potential buyer in breach of the laws of the potential buyer&#8217;s country of origin or any other country whose laws apply to the potential buyer. Visitors should check that they are authorized to visit this site under the laws of the country where the connection is established.<\/p>\n<p>NATIXIS PARTNERS makes every effort to ensure that the information presented on the site is correct and up to date. The content of the site may be corrected at any time, without notice. NATIXIS PARTNERS cannot and does not guarantee that the information provided is complete and that it has not been altered by a hacker or due to a virus. NATIXIS PARTNERS accepts no responsibility for any errors or omissions in the information provided.<\/p>\n<p>Access to this website is based on current service levels and NATIXIS PARTNERS has no responsibility for any transmission problems or for any network breakdowns.<\/p>\n<p>NATIXIS PARTNERS does not give any explicit or implicit guarantee concerning the website. In particular, NATIXIS PARTNERS does not guarantee that this website meets or will meet the current or future needs of visitors, that uninterrupted access to the site will be maintained, that the information presented on the site is relevant, reliable and free of errors, or that any results obtained by using this website are accurate and reliable.<\/p>\n<p>NATIXIS PARTNERS does not guarantee the quality and\/or the legality of any content not created by NATIXIS PARTNERS and will not accept any liability for any claims, lawsuits or appeals initiated by any third party on the grounds of the third party&#8217;s exclusive rights over said content and\/or its use or on any other grounds.<\/p>\n<p>No verbal and\/or written advice or information and no video advice or information obtained from this website shall give rise to any guarantees or liability except as explicitly mentioned.<\/p>\n<p>The website may include or third parties may add links to other websites or other Internet sources. NATIXIS PARTNERS has no control over these sites and external sources and, accordingly, cannot be held responsible for making available these sites and external sources, or for the content, fairness, current nature, quality, completeness, relevance or legality of any advertisements, products, service or other material available on or from these sites or external sources. Visitors to the site acknowledge that NATIXIS PARTNERS cannot be held liable for any proven or alleged, direct or consequential losses arising from the use of or reliance on the content of these sites or external sources, or any goods or services available on these sites or from these external sources, viewed on screen or obtained by e-mail or by any other method. The confidentiality and integrity of information on the Internet are not guaranteed. Any electronic messages sent by users of the site may be intercepted and\/or altered. NATIXIS PARTNERS shall have no responsibility for any messages that are intercepted and\/or altered.<\/p>\n<p>NATIXIS PARTNERS believes that all the sites mentioned on this website, directly or in the form of a hypertext link, belong to companies that are honest and ethical. However, NATIXIS PARTNERS has no ties with the majority of the companies concerned and no investigations into these companies have been performed. The information presented on this site has been obtained from sources that are considered reliable and every effort has been made to ensure that the information is correct. Despite these precautions, NATIXIS PARTNERS cannot be held responsible for the accuracy of this information. Each user has full and sole responsibility for the use made of all or some of the information presented on this site.<\/p>\n<h4>3. Photo credit<\/h4>\n<p>Fr\u00e9d\u00e9ric Basset<\/p>\n<\/div><div class=\"fusion-clearfix\"><\/div><\/div><\/div><\/div><\/div><style type=\"text\/css\">.fusion-fullwidth.fusion-builder-row-1 a:not(.fusion-button):not(.fusion-builder-module-control):not(.fusion-social-network-icon):not(.fb-icon-element):not(.fusion-countdown-link):not(.fusion-rollover-link):not(.fusion-rollover-gallery):not(.fusion-button-bar):not(.add_to_cart_button):not(.show_details_button):not(.product_type_external):not(.fusion-quick-view):not(.fusion-rollover-title-link):not(.fusion-breadcrumb-link) , .fusion-fullwidth.fusion-builder-row-1 a:not(.fusion-button):not(.fusion-builder-module-control):not(.fusion-social-network-icon):not(.fb-icon-element):not(.fusion-countdown-link):not(.fusion-rollover-link):not(.fusion-rollover-gallery):not(.fusion-button-bar):not(.add_to_cart_button):not(.show_details_button):not(.product_type_external):not(.fusion-quick-view):not(.fusion-rollover-title-link):not(.fusion-breadcrumb-link):before, .fusion-fullwidth.fusion-builder-row-1 a:not(.fusion-button):not(.fusion-builder-module-control):not(.fusion-social-network-icon):not(.fb-icon-element):not(.fusion-countdown-link):not(.fusion-rollover-link):not(.fusion-rollover-gallery):not(.fusion-button-bar):not(.add_to_cart_button):not(.show_details_button):not(.product_type_external):not(.fusion-quick-view):not(.fusion-rollover-title-link):not(.fusion-breadcrumb-link):after {color: #004c6e;}.fusion-fullwidth.fusion-builder-row-1 a:not(.fusion-button):not(.fusion-builder-module-control):not(.fusion-social-network-icon):not(.fb-icon-element):not(.fusion-countdown-link):not(.fusion-rollover-link):not(.fusion-rollover-gallery):not(.fusion-button-bar):not(.add_to_cart_button):not(.show_details_button):not(.product_type_external):not(.fusion-quick-view):not(.fusion-rollover-title-link):not(.fusion-breadcrumb-link):hover, .fusion-fullwidth.fusion-builder-row-1 a:not(.fusion-button):not(.fusion-builder-module-control):not(.fusion-social-network-icon):not(.fb-icon-element):not(.fusion-countdown-link):not(.fusion-rollover-link):not(.fusion-rollover-gallery):not(.fusion-button-bar):not(.add_to_cart_button):not(.show_details_button):not(.product_type_external):not(.fusion-quick-view):not(.fusion-rollover-title-link):not(.fusion-breadcrumb-link):hover:before, .fusion-fullwidth.fusion-builder-row-1 a:not(.fusion-button):not(.fusion-builder-module-control):not(.fusion-social-network-icon):not(.fb-icon-element):not(.fusion-countdown-link):not(.fusion-rollover-link):not(.fusion-rollover-gallery):not(.fusion-button-bar):not(.add_to_cart_button):not(.show_details_button):not(.product_type_external):not(.fusion-quick-view):not(.fusion-rollover-title-link):not(.fusion-breadcrumb-link):hover:after {color: #004b6f;}.fusion-fullwidth.fusion-builder-row-1 .pagination a.inactive:hover, .fusion-fullwidth.fusion-builder-row-1 .fusion-filters .fusion-filter.fusion-active a {border-color: #004b6f;}.fusion-fullwidth.fusion-builder-row-1 .pagination .current {border-color: #004b6f; background-color: #004b6f;}.fusion-fullwidth.fusion-builder-row-1 .fusion-filters .fusion-filter.fusion-active a, .fusion-fullwidth.fusion-builder-row-1 .fusion-date-and-formats .fusion-format-box, .fusion-fullwidth.fusion-builder-row-1 .fusion-popover, .fusion-fullwidth.fusion-builder-row-1 .tooltip-shortcode {color: #004b6f;}#main .fusion-fullwidth.fusion-builder-row-1 .post .blog-shortcode-post-title a:hover {color: #004b6f;}<\/style>\n","protected":false},"excerpt":{"rendered":"","protected":false},"author":1,"featured_media":0,"parent":0,"menu_order":0,"comment_status":"closed","ping_status":"closed","template":"","meta":[],"yoast_head":"<!-- This site is optimized with the Yoast SEO plugin v18.3 - https:\/\/yoast.com\/wordpress\/plugins\/seo\/ -->\n<title>Natixis Partners | Legal Notice<\/title>\n<meta name=\"robots\" content=\"index, follow, max-snippet:-1, max-image-preview:large, max-video-preview:-1\" \/>\n<link rel=\"canonical\" href=\"https:\/\/www.natixispartners.com\/en\/legal-notice\/\" \/>\n<meta property=\"og:locale\" content=\"en_US\" \/>\n<meta property=\"og:type\" content=\"article\" \/>\n<meta property=\"og:title\" content=\"Natixis Partners | Legal Notice\" \/>\n<meta property=\"og:url\" content=\"https:\/\/www.natixispartners.com\/en\/legal-notice\/\" \/>\n<meta property=\"og:site_name\" content=\"Natixis Partners\" \/>\n<meta property=\"article:modified_time\" content=\"2021-09-30T15:25:44+00:00\" \/>\n<meta name=\"twitter:card\" content=\"summary_large_image\" \/>\n<meta name=\"twitter:label1\" content=\"Est. reading time\" \/>\n\t<meta name=\"twitter:data1\" content=\"7 minutes\" \/>\n<script type=\"application\/ld+json\" class=\"yoast-schema-graph\">{\"@context\":\"https:\/\/schema.org\",\"@graph\":[{\"@type\":\"WebSite\",\"@id\":\"https:\/\/www.natixispartners.com\/#website\",\"url\":\"https:\/\/www.natixispartners.com\/\",\"name\":\"Natixis Partners\",\"description\":\"\",\"potentialAction\":[{\"@type\":\"SearchAction\",\"target\":{\"@type\":\"EntryPoint\",\"urlTemplate\":\"https:\/\/www.natixispartners.com\/?s={search_term_string}\"},\"query-input\":\"required name=search_term_string\"}],\"inLanguage\":\"en-US\"},{\"@type\":\"WebPage\",\"@id\":\"https:\/\/www.natixispartners.com\/en\/legal-notice\/#webpage\",\"url\":\"https:\/\/www.natixispartners.com\/en\/legal-notice\/\",\"name\":\"Natixis Partners | Legal Notice\",\"isPartOf\":{\"@id\":\"https:\/\/www.natixispartners.com\/#website\"},\"datePublished\":\"2018-03-19T09:46:29+00:00\",\"dateModified\":\"2021-09-30T15:25:44+00:00\",\"breadcrumb\":{\"@id\":\"https:\/\/www.natixispartners.com\/en\/legal-notice\/#breadcrumb\"},\"inLanguage\":\"en-US\",\"potentialAction\":[{\"@type\":\"ReadAction\",\"target\":[\"https:\/\/www.natixispartners.com\/en\/legal-notice\/\"]}]},{\"@type\":\"BreadcrumbList\",\"@id\":\"https:\/\/www.natixispartners.com\/en\/legal-notice\/#breadcrumb\",\"itemListElement\":[{\"@type\":\"ListItem\",\"position\":1,\"name\":\"Accueil\",\"item\":\"https:\/\/www.natixispartners.com\/en\/\"},{\"@type\":\"ListItem\",\"position\":2,\"name\":\"Legal Notice\"}]}]}<\/script>\n<!-- \/ Yoast SEO plugin. -->","yoast_head_json":{"title":"Natixis Partners | Legal Notice","robots":{"index":"index","follow":"follow","max-snippet":"max-snippet:-1","max-image-preview":"max-image-preview:large","max-video-preview":"max-video-preview:-1"},"canonical":"https:\/\/www.natixispartners.com\/en\/legal-notice\/","og_locale":"en_US","og_type":"article","og_title":"Natixis Partners | Legal Notice","og_url":"https:\/\/www.natixispartners.com\/en\/legal-notice\/","og_site_name":"Natixis Partners","article_modified_time":"2021-09-30T15:25:44+00:00","twitter_card":"summary_large_image","twitter_misc":{"Est. reading time":"7 minutes"},"schema":{"@context":"https:\/\/schema.org","@graph":[{"@type":"WebSite","@id":"https:\/\/www.natixispartners.com\/#website","url":"https:\/\/www.natixispartners.com\/","name":"Natixis Partners","description":"","potentialAction":[{"@type":"SearchAction","target":{"@type":"EntryPoint","urlTemplate":"https:\/\/www.natixispartners.com\/?s={search_term_string}"},"query-input":"required name=search_term_string"}],"inLanguage":"en-US"},{"@type":"WebPage","@id":"https:\/\/www.natixispartners.com\/en\/legal-notice\/#webpage","url":"https:\/\/www.natixispartners.com\/en\/legal-notice\/","name":"Natixis Partners | Legal Notice","isPartOf":{"@id":"https:\/\/www.natixispartners.com\/#website"},"datePublished":"2018-03-19T09:46:29+00:00","dateModified":"2021-09-30T15:25:44+00:00","breadcrumb":{"@id":"https:\/\/www.natixispartners.com\/en\/legal-notice\/#breadcrumb"},"inLanguage":"en-US","potentialAction":[{"@type":"ReadAction","target":["https:\/\/www.natixispartners.com\/en\/legal-notice\/"]}]},{"@type":"BreadcrumbList","@id":"https:\/\/www.natixispartners.com\/en\/legal-notice\/#breadcrumb","itemListElement":[{"@type":"ListItem","position":1,"name":"Accueil","item":"https:\/\/www.natixispartners.com\/en\/"},{"@type":"ListItem","position":2,"name":"Legal Notice"}]}]}},"acf":[],"_links":{"self":[{"href":"https:\/\/www.natixispartners.com\/en\/wp-json\/wp\/v2\/pages\/4458"}],"collection":[{"href":"https:\/\/www.natixispartners.com\/en\/wp-json\/wp\/v2\/pages"}],"about":[{"href":"https:\/\/www.natixispartners.com\/en\/wp-json\/wp\/v2\/types\/page"}],"author":[{"embeddable":true,"href":"https:\/\/www.natixispartners.com\/en\/wp-json\/wp\/v2\/users\/1"}],"replies":[{"embeddable":true,"href":"https:\/\/www.natixispartners.com\/en\/wp-json\/wp\/v2\/comments?post=4458"}],"version-history":[{"count":15,"href":"https:\/\/www.natixispartners.com\/en\/wp-json\/wp\/v2\/pages\/4458\/revisions"}],"predecessor-version":[{"id":10525,"href":"https:\/\/www.natixispartners.com\/en\/wp-json\/wp\/v2\/pages\/4458\/revisions\/10525"}],"wp:attachment":[{"href":"https:\/\/www.natixispartners.com\/en\/wp-json\/wp\/v2\/media?parent=4458"}],"curies":[{"name":"wp","href":"https:\/\/api.w.org\/{rel}","templated":true}]}}